{"id":2019,"date":"2024-10-17T20:17:42","date_gmt":"2024-10-17T20:17:42","guid":{"rendered":"https:\/\/dev.admin123.fr\/vedaroma\/?post_type=product&#038;p=2019"},"modified":"2026-03-17T08:02:37","modified_gmt":"2026-03-17T08:02:37","slug":"prana-rasayana-liquid-ma-357-200-ml-syrup","status":"publish","type":"product","link":"https:\/\/edelli.ch\/de\/produkt\/prana-rasayana-liquid-ma-357-200-ml-syrup\/","title":{"rendered":"Prana Rasayana Liquid (MA 357), 200 ml (Sirup)"},"content":{"rendered":"<p>Dieses Nahrungserg\u00e4nzungsmittel wird im Ayurveda aufgrund seiner wohltuenden Wirkung gesch\u00e4tzt. Seine pflanzlichen Inhaltsstoffe wirken w\u00e4rmend und scharf und reduzieren so Vata und Kapha. W\u00e4hlen Sie je nach Vorliebe zwischen Prana Rasayana Tabletten und Prana Rasayana Fl\u00fcssigkeit.<\/p>\n<p>Sowohl Prana Rasayana Tabletten als auch Prana Rasayana Fl\u00fcssigkeit gelten als wohltuend. Inhalt: 200 ml<br \/>\nZutaten:<\/p>\n<p>Die empfohlene Tagesdosis (15 ml) enth\u00e4lt folgende Inhaltsstoffe:<br \/>\nRohrzucker 9975 mg, Wasser 4,5 ml. W\u00e4ssriger Extrakt aus: Pistacia integerrima 120 mg, Piper longum (Pippali) 75 mg, Glycyrrhiza glabra (S\u00fc\u00dfholz) 44 mg, Abies webbiana 44 mg, Myrica nagi 44 mg, Zingiber officinale (Ingwer) 30 mg, Solanum xanthocarpum 30 mg, Achyranthes aspera 30 mg, Ocimum sanctum (Tulsi) 30 mg, Adhatoda vasica 15 mg, Cyperus scariosus 15 mg, Cinnamomum zeylanicum (Ceylon-Zimt) 15 mg, Mentha piperita (Pfefferminze) 7 mg, Cinnamomum camphora (Kampfer) 4 mg, Konservierungsmittel Natriumbenzoat.<\/p>\n<p>Empfohlene Verzehrsmenge:<\/p>\n<p>5 ml dreimal t\u00e4glich, etwa 30 Minuten vor den Mahlzeiten.<\/p>\n<p>Notiz:<br \/>\nDie angegebene empfohlene Tagesdosis darf nicht \u00fcberschritten werden. Nahrungserg\u00e4nzungsmittel sind kein Ersatz f\u00fcr eine abwechslungsreiche und ausgewogene Ern\u00e4hrung. Au\u00dferhalb der Reichweite von Kindern aufbewahren.<\/p>\n<p>EAN-Code: 8713544003636<br \/>\nMarke: Maharishi Ayurveda<br \/>\nHersteller: Maharishi Ayurveda Products Pvt. Ltd.<\/p>\n<p>Herstelleradresse: 201305 Noida, Indien<br \/>\nHerkunftsland: Indien<\/p>","protected":false},"excerpt":{"rendered":"<p><strong class=\"Yjhzub\" data-sfc-cb=\"\" data-complete=\"true\" data-processed=\"true\" aria-owns=\"action-menu-parent-container\">Lieferung in 3 bis 6 Tagen<\/strong><\/p>\n<p>MA 357 \u2013 Nahrungserg\u00e4nzungsmittel mit ayurvedischen Pflanzenteilen<\/p>\n<p>Der ayurvedische Begriff \u201cPrana\u201d bedeutet \u201cLebensatem, Ausstrahlung oder Chi\u201d. W\u00e4hrend der kalten Vata-Zeit ben\u00f6tigt der obere Atemtrakt besondere Aufmerksamkeit. Maharishi Ayurveda Prana-Rasayana wird nach einem originalen ayurvedischen Rezept zubereitet und enth\u00e4lt eine reichhaltige Mischung wertvoller indischer Kr\u00e4uter.<\/p>\n<p>&nbsp;<\/p>","protected":false},"featured_media":2049,"comment_status":"open","ping_status":"closed","template":"","meta":{"_acf_changed":false},"product_brand":[],"product_cat":[118],"product_tag":[],"giftcard-category":[],"class_list":{"0":"post-2019","1":"product","2":"type-product","3":"status-publish","4":"has-post-thumbnail","6":"product_cat-ayurvedic-herbal-products","8":"first","9":"instock","10":"shipping-taxable","11":"purchasable","12":"product-type-simple"},"acf":[],"_links":{"self":[{"href":"https:\/\/edelli.ch\/de\/wp-json\/wp\/v2\/product\/2019","targetHints":{"allow":["GET"]}}],"collection":[{"href":"https:\/\/edelli.ch\/de\/wp-json\/wp\/v2\/product"}],"about":[{"href":"https:\/\/edelli.ch\/de\/wp-json\/wp\/v2\/types\/product"}],"replies":[{"embeddable":true,"href":"https:\/\/edelli.ch\/de\/wp-json\/wp\/v2\/comments?post=2019"}],"version-history":[{"count":4,"href":"https:\/\/edelli.ch\/de\/wp-json\/wp\/v2\/product\/2019\/revisions"}],"predecessor-version":[{"id":4582,"href":"https:\/\/edelli.ch\/de\/wp-json\/wp\/v2\/product\/2019\/revisions\/4582"}],"wp:featuredmedia":[{"embeddable":true,"href":"https:\/\/edelli.ch\/de\/wp-json\/wp\/v2\/media\/2049"}],"wp:attachment":[{"href":"https:\/\/edelli.ch\/de\/wp-json\/wp\/v2\/media?parent=2019"}],"wp:term":[{"taxonomy":"product_brand","embeddable":true,"href":"https:\/\/edelli.ch\/de\/wp-json\/wp\/v2\/product_brand?post=2019"},{"taxonomy":"product_cat","embeddable":true,"href":"https:\/\/edelli.ch\/de\/wp-json\/wp\/v2\/product_cat?post=2019"},{"taxonomy":"product_tag","embeddable":true,"href":"https:\/\/edelli.ch\/de\/wp-json\/wp\/v2\/product_tag?post=2019"},{"taxonomy":"giftcard-category","embeddable":true,"href":"https:\/\/edelli.ch\/de\/wp-json\/wp\/v2\/giftcard-category?post=2019"}],"curies":[{"name":"wp","href":"https:\/\/api.w.org\/{rel}","templated":true}]}}