{"id":2628,"date":"2024-10-17T22:32:36","date_gmt":"2024-10-17T22:32:36","guid":{"rendered":"https:\/\/dev.admin123.fr\/vedaroma\/index.php\/produit\/digest-plus-tea-organic-maharishi-20-teabags\/"},"modified":"2026-04-07T10:14:09","modified_gmt":"2026-04-07T10:14:09","slug":"digest-plus-tea-organic-maharishi-20-teabags","status":"publish","type":"product","link":"https:\/\/edelli.ch\/de\/produkt\/digest-plus-tea-organic-maharishi-20-teabags\/","title":{"rendered":"AGNI PLUS TEE, BIO"},"content":{"rendered":"<div class=\"tab-details\">\n<p>Agni Plus Tee ist ein kr\u00e4ftiger, w\u00fcrziger Tee mit Gew\u00fcrzen wie Ingwer, Zimt und Kardamom. Nach ayurvedischen Prinzipien unterst\u00fctzt er auf nat\u00fcrliche Weise Agni (das Verdauungsfeuer). Mit ein paar Tropfen Zitronensaft schmeckt er besonders gut.<\/p>\n<p>Inhalt: 15 Teebeutel \/ 22,5 g<br \/>\nZutaten: Fenchelsamen*, Ingwer*, Ceylon-Zimt*, Kardamom*, schwarzer Pfeffer*, Nelken*<\/p>\n<p>*aus zertifiziertem Bio-Anbau<br \/>\nZubereitung: \u00dcbergie\u00dfen Sie pro Tasse einen Teebeutel mit kochendem Wasser und lassen Sie ihn 5 Minuten ziehen. Geben Sie etwas Rohrzucker (oder Salz) und Zitronensaft hinzu.<\/p>\n<p>Lagerung: An einem trockenen Ort bei 15-25 \u00b0C (59-77 \u00b0F) lagern.<\/p>\n<p>EAN-Code: 8713544014519<br \/>\nMarke: Maharishi Ayurveda<br \/>\nHersteller: Maharishi Ayurveda Products Pvt. Ltd.<\/p>\n<p>Herkunftsland: Indien<br \/>\nZertifizierung: Bio<br \/>\nZertifizierungsstelle: IN-BIO-147 (Landwirtschaft au\u00dferhalb der EU)<\/p>\n<\/div>\n<p>&nbsp;<\/p>","protected":false},"excerpt":{"rendered":"<p><strong class=\"Yjhzub\" data-sfc-cb=\"\" data-complete=\"true\" data-processed=\"true\" aria-owns=\"action-menu-parent-container\">Lieferung in 3 bis 6 Tagen<\/strong><\/p>\n<p>Bio-Ayurveda-Kr\u00e4uter- und Gew\u00fcrztee<\/p>\n<p>Wohltuend und belebend<br \/>\nIdeal nach reichhaltigen Mahlzeiten<br \/>\nBesonders lecker mit etwas Zitronensaft<\/p>\n<p>&nbsp;<\/p>","protected":false},"featured_media":5618,"comment_status":"open","ping_status":"closed","template":"","meta":{"_acf_changed":false},"product_brand":[],"product_cat":[113,119,120,121],"product_tag":[],"giftcard-category":[],"class_list":{"0":"post-2628","1":"product","2":"type-product","3":"status-publish","4":"has-post-thumbnail","6":"product_cat-sale","7":"product_cat-bio-food","8":"product_cat-herbal-tea-drinks","9":"product_cat-maharishi-ayurveda-teas","11":"first","12":"instock","13":"shipping-taxable","14":"purchasable","15":"product-type-simple"},"acf":[],"_links":{"self":[{"href":"https:\/\/edelli.ch\/de\/wp-json\/wp\/v2\/product\/2628","targetHints":{"allow":["GET"]}}],"collection":[{"href":"https:\/\/edelli.ch\/de\/wp-json\/wp\/v2\/product"}],"about":[{"href":"https:\/\/edelli.ch\/de\/wp-json\/wp\/v2\/types\/product"}],"replies":[{"embeddable":true,"href":"https:\/\/edelli.ch\/de\/wp-json\/wp\/v2\/comments?post=2628"}],"version-history":[{"count":5,"href":"https:\/\/edelli.ch\/de\/wp-json\/wp\/v2\/product\/2628\/revisions"}],"predecessor-version":[{"id":5387,"href":"https:\/\/edelli.ch\/de\/wp-json\/wp\/v2\/product\/2628\/revisions\/5387"}],"wp:featuredmedia":[{"embeddable":true,"href":"https:\/\/edelli.ch\/de\/wp-json\/wp\/v2\/media\/5618"}],"wp:attachment":[{"href":"https:\/\/edelli.ch\/de\/wp-json\/wp\/v2\/media?parent=2628"}],"wp:term":[{"taxonomy":"product_brand","embeddable":true,"href":"https:\/\/edelli.ch\/de\/wp-json\/wp\/v2\/product_brand?post=2628"},{"taxonomy":"product_cat","embeddable":true,"href":"https:\/\/edelli.ch\/de\/wp-json\/wp\/v2\/product_cat?post=2628"},{"taxonomy":"product_tag","embeddable":true,"href":"https:\/\/edelli.ch\/de\/wp-json\/wp\/v2\/product_tag?post=2628"},{"taxonomy":"giftcard-category","embeddable":true,"href":"https:\/\/edelli.ch\/de\/wp-json\/wp\/v2\/giftcard-category?post=2628"}],"curies":[{"name":"wp","href":"https:\/\/api.w.org\/{rel}","templated":true}]}}