{"id":2682,"date":"2024-10-17T22:32:51","date_gmt":"2024-10-17T22:32:51","guid":{"rendered":"https:\/\/dev.admin123.fr\/vedaroma\/index.php\/produit\/happy-woman-gewurzmischung-bio-50-g\/"},"modified":"2026-04-17T08:11:06","modified_gmt":"2026-04-17T08:11:06","slug":"happy-woman-organic-blend-80-g","status":"publish","type":"product","link":"https:\/\/edelli.ch\/de\/produkt\/happy-woman-organic-blend-80-g\/","title":{"rendered":"HAPPY WOMAN, BIO-MISCHUNG, 80 g"},"content":{"rendered":"<p>Diese aromatische, leicht w\u00fcrzige Mischung verleiht Dal, Reis oder Gem\u00fcsegerichten eine besondere Note. Eine ausgewogene Komposition aus sorgf\u00e4ltig ausgew\u00e4hlten Kr\u00e4utern und Pflanzen.<\/p>\n<p>Inhalt: 80 g<br \/>\nZutaten:<br \/>\nKreuzk\u00fcmmel*, Kurkuma*, Koriander*, Schwarzer Pfeffer*, Ingwer*, Schwarzer Kreuzk\u00fcmmel*<\/p>\n<p>*aus zertifiziertem Bio-Anbau<br \/>\nAufbewahrung: K\u00fchl und trocken lagern.<\/p>\n<p>Hersteller: Amla Natur GmbH<br \/>\nHerkunftsland: Deutschland<br \/>\nZertifizierung: Bio<br \/>\nZertifizierungsstelle: DE-\u00d6KO-001 (Nicht-EU-Landwirtschaft)<\/p>\n<p>&nbsp;<\/p>","protected":false},"excerpt":{"rendered":"<p><strong class=\"Yjhzub\" data-sfc-cb=\"\" data-complete=\"true\" data-processed=\"true\" aria-owns=\"action-menu-parent-container\">Lieferung in 3 bis 6 Tagen<\/strong><\/p>\n<p>Bio-Gew\u00fcrzmischung<\/p>\n<p>F\u00fcr Gem\u00fcse, Linsen und Reis<br \/>\nGl\u00fccksgew\u00fcrz f\u00fcr Frauen<br \/>\nEin Rezept, das nach ayurvedischem Wissen zusammengestellt wurde.<br \/>\nHergestellt aus feinsten Bio-Gew\u00fcrzen<\/p>\n<p>&nbsp;<\/p>","protected":false},"featured_media":5872,"comment_status":"open","ping_status":"closed","template":"","meta":{"_acf_changed":false},"product_brand":[],"product_cat":[118,119,127],"product_tag":[],"giftcard-category":[],"class_list":{"0":"post-2682","1":"product","2":"type-product","3":"status-publish","4":"has-post-thumbnail","6":"product_cat-ayurvedic-herbal-products","7":"product_cat-bio-food","8":"product_cat-spices-and-salt","10":"first","11":"instock","12":"shipping-taxable","13":"purchasable","14":"product-type-simple"},"acf":[],"_links":{"self":[{"href":"https:\/\/edelli.ch\/de\/wp-json\/wp\/v2\/product\/2682","targetHints":{"allow":["GET"]}}],"collection":[{"href":"https:\/\/edelli.ch\/de\/wp-json\/wp\/v2\/product"}],"about":[{"href":"https:\/\/edelli.ch\/de\/wp-json\/wp\/v2\/types\/product"}],"replies":[{"embeddable":true,"href":"https:\/\/edelli.ch\/de\/wp-json\/wp\/v2\/comments?post=2682"}],"version-history":[{"count":3,"href":"https:\/\/edelli.ch\/de\/wp-json\/wp\/v2\/product\/2682\/revisions"}],"predecessor-version":[{"id":5436,"href":"https:\/\/edelli.ch\/de\/wp-json\/wp\/v2\/product\/2682\/revisions\/5436"}],"wp:featuredmedia":[{"embeddable":true,"href":"https:\/\/edelli.ch\/de\/wp-json\/wp\/v2\/media\/5872"}],"wp:attachment":[{"href":"https:\/\/edelli.ch\/de\/wp-json\/wp\/v2\/media?parent=2682"}],"wp:term":[{"taxonomy":"product_brand","embeddable":true,"href":"https:\/\/edelli.ch\/de\/wp-json\/wp\/v2\/product_brand?post=2682"},{"taxonomy":"product_cat","embeddable":true,"href":"https:\/\/edelli.ch\/de\/wp-json\/wp\/v2\/product_cat?post=2682"},{"taxonomy":"product_tag","embeddable":true,"href":"https:\/\/edelli.ch\/de\/wp-json\/wp\/v2\/product_tag?post=2682"},{"taxonomy":"giftcard-category","embeddable":true,"href":"https:\/\/edelli.ch\/de\/wp-json\/wp\/v2\/giftcard-category?post=2682"}],"curies":[{"name":"wp","href":"https:\/\/api.w.org\/{rel}","templated":true}]}}