{"id":2813,"date":"2024-10-17T22:33:31","date_gmt":"2024-10-17T22:33:31","guid":{"rendered":"https:\/\/dev.admin123.fr\/vedaroma\/index.php\/produit\/magnolia-blossom-essential-oil-1-ml-2-2\/"},"modified":"2026-01-07T07:53:32","modified_gmt":"2026-01-07T07:53:32","slug":"magnolia-blossom-essential-oil-1-ml-2-2","status":"publish","type":"product","link":"https:\/\/edelli.ch\/fr\/produit\/magnolia-blossom-essential-oil-1-ml-2-2\/","title":{"rendered":"Huile essentielle de magnolienbl\u00fcten (1 ml)"},"content":{"rendered":"<table id=\"product-attribute-specs-table\" class=\"data-table\">\n<tbody>\n<tr class=\"even\">\n<th class=\"label\">Nom botanique<\/th>\n<td class=\"data last\">Michelia alba<\/td>\n<\/tr>\n<tr class=\"odd\">\n<th class=\"label\">Biochemische Verbindung<\/th>\n<td class=\"data last\">Linalol, b\u00eata-\u00e9l\u00e9m\u00e8ne, trans-b\u00eata-ocim\u00e8ne, b\u00eata-caryophyll\u00e8ne<\/td>\n<\/tr>\n<tr class=\"even\">\n<th class=\"label\">Herkunft<\/th>\n<td class=\"data last\">Chine<\/td>\n<\/tr>\n<tr class=\"odd\">\n<th class=\"label\">Pi\u00e8ces utilis\u00e9es<\/th>\n<td class=\"data last\">Fleurs<\/td>\n<\/tr>\n<tr class=\"even\">\n<th class=\"label\">Extractionverfahren<\/th>\n<td class=\"data last\">Distillation humide<\/td>\n<\/tr>\n<tr class=\"odd\">\n<th class=\"label\">Bio-Statut<\/th>\n<td class=\"data last\">Traditionnel<\/td>\n<\/tr>\n<tr class=\"even\">\n<th class=\"label\">Contenu<\/th>\n<td class=\"data last\">1 ml<\/td>\n<\/tr>\n<tr class=\"odd\">\n<th class=\"label\">Ar\u00f4me<\/th>\n<td class=\"data last\">Sch\u00f6ner, su\u00dfer, fruchtig-rosiger Duft<\/td>\n<\/tr>\n<tr class=\"even\">\n<th class=\"label\"><\/th>\n<td class=\"data last\"><\/td>\n<\/tr>\n<tr class=\"odd\">\n<th class=\"label\"><\/th>\n<td class=\"data last\"><\/td>\n<\/tr>\n<tr class=\"even\">\n<th class=\"label\"><\/th>\n<td class=\"data last\"><\/td>\n<\/tr>\n<tr class=\"odd\">\n<th class=\"label\"><\/th>\n<td class=\"data last\"><\/td>\n<\/tr>\n<tr class=\"even\">\n<th class=\"label\"><\/th>\n<td class=\"data last\">Zum Einsatz in der Aromatherapie bitte immer professional konsultieren!<\/td>\n<\/tr>\n<tr class=\"odd\">\n<th class=\"label\"><\/th>\n<td class=\"data last\"><\/td>\n<\/tr>\n<tr class=\"last even\">\n<th class=\"label\">Zus\u00e4tzlicher Hinweis<\/th>\n<td class=\"data last\">1 ml d&#039;huile, mis dans un flacon de 1 ml, emball\u00e9 avec une pipette ou un tropfer\u00a0; an einem k\u00fchlen, trockenen Ort aufbewahren, vor direkter Sonneneinstrahlung sch\u00fctzen\u00a0; bei Nichtgebrauch immer den Deckel schlie\u00dfen, um Verdunstung zu vermeiden. Au\u00dferhalb der Reichweite von Kindern aufbewahren; alle Verschl\u00fcsse sind kindersicher.<\/p>\n<p><img loading=\"lazy\" decoding=\"async\" class=\"alignnone size-medium wp-image-14970\" src=\"https:\/\/edelli.ch\/wp-content\/uploads\/2020\/09\/SD1-300x158.png\" alt=\"\" width=\"300\" height=\"158\" \/><\/td>\n<\/tr>\n<\/tbody>\n<\/table>","protected":false},"excerpt":{"rendered":"<h2>Traditionnel*<\/h2>\n<p>&nbsp;<\/p>\n<p>Sch\u00f6ner, s\u00fc\u00dfer, fruchtig-rosiger Duft.<\/p>","protected":false},"featured_media":1603,"comment_status":"open","ping_status":"closed","template":"","meta":{"_acf_changed":false},"product_brand":[],"product_cat":[122],"product_tag":[],"giftcard-category":[],"class_list":{"0":"post-2813","1":"product","2":"type-product","3":"status-publish","4":"has-post-thumbnail","6":"product_cat-essential-oils","8":"first","9":"outofstock","10":"shipping-taxable","11":"purchasable","12":"product-type-simple"},"acf":[],"_links":{"self":[{"href":"https:\/\/edelli.ch\/fr\/wp-json\/wp\/v2\/product\/2813","targetHints":{"allow":["GET"]}}],"collection":[{"href":"https:\/\/edelli.ch\/fr\/wp-json\/wp\/v2\/product"}],"about":[{"href":"https:\/\/edelli.ch\/fr\/wp-json\/wp\/v2\/types\/product"}],"replies":[{"embeddable":true,"href":"https:\/\/edelli.ch\/fr\/wp-json\/wp\/v2\/comments?post=2813"}],"version-history":[{"count":1,"href":"https:\/\/edelli.ch\/fr\/wp-json\/wp\/v2\/product\/2813\/revisions"}],"predecessor-version":[{"id":4285,"href":"https:\/\/edelli.ch\/fr\/wp-json\/wp\/v2\/product\/2813\/revisions\/4285"}],"wp:featuredmedia":[{"embeddable":true,"href":"https:\/\/edelli.ch\/fr\/wp-json\/wp\/v2\/media\/1603"}],"wp:attachment":[{"href":"https:\/\/edelli.ch\/fr\/wp-json\/wp\/v2\/media?parent=2813"}],"wp:term":[{"taxonomy":"product_brand","embeddable":true,"href":"https:\/\/edelli.ch\/fr\/wp-json\/wp\/v2\/product_brand?post=2813"},{"taxonomy":"product_cat","embeddable":true,"href":"https:\/\/edelli.ch\/fr\/wp-json\/wp\/v2\/product_cat?post=2813"},{"taxonomy":"product_tag","embeddable":true,"href":"https:\/\/edelli.ch\/fr\/wp-json\/wp\/v2\/product_tag?post=2813"},{"taxonomy":"giftcard-category","embeddable":true,"href":"https:\/\/edelli.ch\/fr\/wp-json\/wp\/v2\/giftcard-category?post=2813"}],"curies":[{"name":"wp","href":"https:\/\/api.w.org\/{rel}","templated":true}]}}