{"id":2556,"date":"2024-10-17T22:32:18","date_gmt":"2024-10-17T22:32:18","guid":{"rendered":"https:\/\/dev.admin123.fr\/vedaroma\/index.php\/produit\/sesamol-gereift-bio-gross-5-liter\/"},"modified":"2026-03-16T16:31:42","modified_gmt":"2026-03-16T16:31:42","slug":"sesamol-gereift-bio-gross-5-liter","status":"publish","type":"product","link":"https:\/\/edelli.ch\/it\/prodotto\/sesamol-gereift-bio-gross-5-liter\/","title":{"rendered":"Olio di sesamo maturo, biologico 5 L"},"content":{"rendered":"<div class=\"page-title-wrapper product\">\n<div class=\"tab-details\">\n<p><strong><span style=\"color: #000000;\">Maharishi Ayurveda <\/span>Olio di sesamo maturo<\/strong> \u00c8 un olio di sesamo biologico puro, ottenuto dalla prima spremitura a freddo, di altissima qualit\u00e0, con semi di sesamo di origine biologica certificata.<\/p>\n<p>L&#039;olio di sesamo \u00e8 stato <strong>maturato con cura<\/strong>Viene preriscaldato per un breve periodo, il che lo rende leggermente pi\u00f9 fluido. Pertanto, l&#039;olio di sesamo maturo \u00e8 ideale per tutti i tipi di trattamenti o massaggi ayurvedici. Secondo l&#039;Ayurveda, l&#039;olio di sesamo maturo viene assorbito pi\u00f9 facilmente dalla pelle, dove pu\u00f2 sprigionare le sue propriet\u00e0.<\/p>\n<p>L&#039;olio di sesamo maturo pu\u00f2 essere usato puro, come olio per la pelle o olio da massaggio, tuttavia \u00e8 idealmente utilizzato per essere miscelato con <strong>Ayurvedico<\/strong><strong> erbe<\/strong>. Prima di utilizzare l&#039;olio di sesamo, ad esempio per un massaggio, \u00e8 necessario riscaldarlo a bagnomaria o in un bollitore fino a quando non raggiunge la temperatura corporea.<\/p>\n<p><strong>Taglie disponibili:<\/strong><\/p>\n<ul>\n<li>750 ml (bottiglia di vetro marrone)<\/li>\n<li>5 litri (scatola di cartone con sacchetto e pratico beccuccio)<\/li>\n<\/ul>\n<\/div>\n<div class=\"p-m-hersteller\">\n<div class=\"p-m-right\">\n<div class=\"p-m-hersteller\">\n<div><\/div>\n<div class=\"p-m-left\"><span style=\"color: #000000;\"><strong>Codice EAN: <\/strong><\/span><\/div>\n<div class=\"p-m-right\"><span style=\"color: #000000;\">7649997033092<\/span><\/div>\n<\/div>\n<div class=\"p-m-hersteller\">\n<div class=\"p-m-left\"><span style=\"color: #000000;\"><strong>Da: <\/strong><\/span><\/div>\n<div class=\"p-m-right\"><span style=\"color: #000000;\">Maharishi Ayurveda<\/span><\/div>\n<\/div>\n<div class=\"p-m-hersteller\">\n<div class=\"p-m-left\"><span style=\"color: #000000;\"><strong>Importato da: <\/strong><\/span><\/div>\n<div class=\"p-m-right\"><span style=\"color: #000000;\">AyurVeda AG<\/span><\/div>\n<\/div>\n<div class=\"p-m-hersteller\">\n<div class=\"p-m-left\"><strong>Organico\u00a0<\/strong><\/div>\n<\/div>\n<\/div>\n<\/div>\n<\/div>","protected":false},"excerpt":{"rendered":"<p><strong class=\"Yjhzub\" data-sfc-cb=\"\" data-complete=\"true\" data-processed=\"true\" aria-owns=\"action-menu-parent-container\">Consegna in 3-6 giorni<\/strong><\/p>\n<p>Olio di sesamo maturo: Olio di sesamo biologico maturo (extra vergine, prima spremitura a freddo) per il massaggio ayurvedico quotidiano. &quot;Maturo&quot; significa: riscaldato brevemente una sola volta a 100-108 \u00b0C, il che rende l&#039;olio pi\u00f9 fluido e gli permette di penetrare pi\u00f9 facilmente nella pelle.<\/p>\n<p>&nbsp;<\/p>","protected":false},"featured_media":5061,"comment_status":"open","ping_status":"closed","template":"","meta":{"_acf_changed":false},"product_brand":[],"product_cat":[113,118,132,133],"product_tag":[],"giftcard-category":[],"class_list":{"0":"post-2556","1":"product","2":"type-product","3":"status-publish","4":"has-post-thumbnail","6":"product_cat-sale","7":"product_cat-ayurvedic-herbal-products","8":"product_cat-massage-and-therapy","9":"product_cat-massage-oils","11":"first","12":"instock","13":"shipping-taxable","14":"purchasable","15":"product-type-simple"},"acf":[],"_links":{"self":[{"href":"https:\/\/edelli.ch\/it\/wp-json\/wp\/v2\/product\/2556","targetHints":{"allow":["GET"]}}],"collection":[{"href":"https:\/\/edelli.ch\/it\/wp-json\/wp\/v2\/product"}],"about":[{"href":"https:\/\/edelli.ch\/it\/wp-json\/wp\/v2\/types\/product"}],"replies":[{"embeddable":true,"href":"https:\/\/edelli.ch\/it\/wp-json\/wp\/v2\/comments?post=2556"}],"version-history":[{"count":5,"href":"https:\/\/edelli.ch\/it\/wp-json\/wp\/v2\/product\/2556\/revisions"}],"predecessor-version":[{"id":5403,"href":"https:\/\/edelli.ch\/it\/wp-json\/wp\/v2\/product\/2556\/revisions\/5403"}],"wp:featuredmedia":[{"embeddable":true,"href":"https:\/\/edelli.ch\/it\/wp-json\/wp\/v2\/media\/5061"}],"wp:attachment":[{"href":"https:\/\/edelli.ch\/it\/wp-json\/wp\/v2\/media?parent=2556"}],"wp:term":[{"taxonomy":"product_brand","embeddable":true,"href":"https:\/\/edelli.ch\/it\/wp-json\/wp\/v2\/product_brand?post=2556"},{"taxonomy":"product_cat","embeddable":true,"href":"https:\/\/edelli.ch\/it\/wp-json\/wp\/v2\/product_cat?post=2556"},{"taxonomy":"product_tag","embeddable":true,"href":"https:\/\/edelli.ch\/it\/wp-json\/wp\/v2\/product_tag?post=2556"},{"taxonomy":"giftcard-category","embeddable":true,"href":"https:\/\/edelli.ch\/it\/wp-json\/wp\/v2\/giftcard-category?post=2556"}],"curies":[{"name":"wp","href":"https:\/\/api.w.org\/{rel}","templated":true}]}}